{"id":173,"date":"2018-04-18T21:04:51","date_gmt":"2018-04-18T19:04:51","guid":{"rendered":"http:\/\/talgo.mohanty-gmbh.de\/komponentenaufarbeitung\/"},"modified":"2023-12-20T11:11:46","modified_gmt":"2023-12-20T10:11:46","slug":"komponentenaufarbeitung","status":"publish","type":"page","link":"https:\/\/www.talgo.de\/en\/komponentenaufarbeitung\/","title":{"rendered":"Komponentenaufarbeitung"},"content":{"rendered":"<p>Seit vielen Jahren sind wir bereits in der Komponentenaufarbeitung t\u00e4tig. Fragen Sie uns gerne an. Beispiele:<\/p>\n<ul>\n<li style=\"list-style-type: none;\">\n<ul>\n<li>Bordnetzumrichter (auch Mehrsystem): In unserem Elektroniklabor analysieren wir Defekte, reparieren und testen abschlie\u00dfend unter Last mit \u00dcber- und Unterspannung.<\/li>\n<li>Klimamodule<\/li>\n<li>Vakuum-WC verschiedener Hersteller (wir verf\u00fcgen \u00fcber eine Testlandschaft mit den g\u00e4ngigen Steuerungen)<\/li>\n<li>Trinkwasseranlagen (als Kompaktsystem)<\/li>\n<\/ul>\n<\/li>\n<\/ul>\n","protected":false},"excerpt":{"rendered":"<p>Seit vielen Jahren sind wir bereits in der Komponentenaufarbeitung t\u00e4tig. Fragen Sie uns gerne an. Beispiele: Bordnetzumrichter (auch Mehrsystem): In unserem Elektroniklabor analysieren wir Defekte, reparieren und testen abschlie\u00dfend unter Last mit \u00dcber- und Unterspannung. Klimamodule Vakuum-WC verschiedener Hersteller (wir verf\u00fcgen \u00fcber eine Testlandschaft mit den g\u00e4ngigen Steuerungen) Trinkwasseranlagen (als Kompaktsystem)<\/p>\n","protected":false},"author":1,"featured_media":1604,"parent":0,"menu_order":0,"comment_status":"closed","ping_status":"closed","template":"page_prod_detail.php","meta":{"_genesis_hide_title":false,"_genesis_hide_breadcrumbs":false,"_genesis_hide_singular_image":false,"_genesis_hide_footer_widgets":false,"_genesis_custom_body_class":"","_genesis_custom_post_class":"","_genesis_layout":"","footnotes":""},"class_list":{"0":"post-173","1":"page","2":"type-page","3":"status-publish","4":"has-post-thumbnail","6":"entry"},"_links":{"self":[{"href":"https:\/\/www.talgo.de\/en\/wp-json\/wp\/v2\/pages\/173","targetHints":{"allow":["GET"]}}],"collection":[{"href":"https:\/\/www.talgo.de\/en\/wp-json\/wp\/v2\/pages"}],"about":[{"href":"https:\/\/www.talgo.de\/en\/wp-json\/wp\/v2\/types\/page"}],"author":[{"embeddable":true,"href":"https:\/\/www.talgo.de\/en\/wp-json\/wp\/v2\/users\/1"}],"replies":[{"embeddable":true,"href":"https:\/\/www.talgo.de\/en\/wp-json\/wp\/v2\/comments?post=173"}],"version-history":[{"count":3,"href":"https:\/\/www.talgo.de\/en\/wp-json\/wp\/v2\/pages\/173\/revisions"}],"predecessor-version":[{"id":1779,"href":"https:\/\/www.talgo.de\/en\/wp-json\/wp\/v2\/pages\/173\/revisions\/1779"}],"wp:featuredmedia":[{"embeddable":true,"href":"https:\/\/www.talgo.de\/en\/wp-json\/wp\/v2\/media\/1604"}],"wp:attachment":[{"href":"https:\/\/www.talgo.de\/en\/wp-json\/wp\/v2\/media?parent=173"}],"curies":[{"name":"wp","href":"https:\/\/api.w.org\/{rel}","templated":true}]}}